{"id":1012,"date":"2024-03-14T16:05:53","date_gmt":"2024-03-14T16:05:53","guid":{"rendered":"https:\/\/plk.com.br\/bruske\/services\/"},"modified":"2024-03-14T18:45:23","modified_gmt":"2024-03-14T18:45:23","slug":"faq","status":"publish","type":"page","link":"https:\/\/plw.com.br\/thunderlimp\/faq\/","title":{"rendered":"FAQ"},"content":{"rendered":"\n\n\nFAQ Thunder Limp\nTudo que voc\u00ea precisa saber\n\n\n\n\nqwqwq\n<span style=\"color: #003794\">\nThunder Limp\n<\/span>\nCom\u00e9rcio de Produtos de Limpezas\nFundada em 1992\n\n\n\n\nReunimos aqui as principais d\u00favida de nossos clientes pessoas jur\u00eddicas e caso n\u00e3o encontre sua d\u00favidas nossos canais de atendimento est\u00e3o a inteira disposi\u00e7\u00e3o.\n\n\n\n\n\n\n\n\nO Hor\u00e1rio de funcionamento da Thunder Limp \u00e9 de segunda a sexta-feira, das 09:00 \u00e1s 18:00 horas e aos sab\u00e1dos das 09:00 \u00e1s 13:00 horas.\n\n\n\n\n\n\nA sede da Thunder Limp, se localizada na cidade de S\u00e3o Caetano do Sul, na rua Espirito Santo, 491 bairro Santo Antonio, estadod e S\u00e3o Paulo.\n\n\n\n\n\n\nBasta acessar o link abaixo e preencher o fomul\u00e1rio e se se voc\u00ea possuir um dcumento para preenchimento poder\u00e1 enviar seu anexo via PDF no formul\u00e1rio: https:\/\/thunderlimp.com.br\/orcamentos\n\nCaso deseje poder\u00e1 encviar tamb\u00e9m via e-mail no endere\u00e7o: contato@thunderlimp.com.br ou ainda ligar para nosso concultores em hor\u00e1rio comercial.\n\n\n\n\n\n\nO prazo de resposta \u00e9 imediato e caso ocorram flias de atendimento voc\u00ea receber\u00e1 seu or\u00e7amento co prazo m\u00e1ximo de 24 horas.\n\n\n\n\n\n\nA Thunder Limp atende a toda sas cidades do Grande ABC, cidade de S\u00e3o Paulo e demais regi\u00f5es do estado de S\u00e3o Paulo.\n\n\n\n\n\n\nA Thunder Limp aceita pagamento em cart\u00f5es de cr\u00e9dito, PIX, Ted e ,DOC e possui linhas de financiamento e prazos de pagamento conforme aprova\u00e7\u00e3o de cadastro.\n\n\n\n\n\n\nOs documentos necess\u00e1rios para cadastro de empresas e condom\u00ednios s\u00e3o:<br>\n\n&#8211; Contrato Social;<br>\n\n&#8211; CNPJ;<br>\n\n&#8211; Informa\u00e7\u00f5es banc\u00e1rias;<br>\n\n&#8211;  Comprovante de endere\u00e7o de cobran\u00e7a;<br><br>\n No caso de condom\u00ednios a ultima ata de elei\u00e7\u00e3o do sinnd\u00edco.\n\nPoderam ser necess\u00e1rios outros documentos depenendo da localiza\u00e7\u00e3o da empresas ou condom\u00ednio.\n\n\n\n\n\n\nA Thunder Limp trabalha com prazod e faturamento que variam entre 15 a 45 dias.\n\n\n\n\n\n\n\n\n\n\n\n\nEnvie seu or\u00e7amento agora ou fale conosco via chat ou fone.\n\n\nPara enviar um or\u00e7amento basta clicar no bot\u00e3o abaixo anexar o documento de sue or\u00e7amento que em alguns minutos voc\u00ea receber\u00e1 um or\u00e7amento e caos n\u00e3o tenha cadastro voc\u00ea tamb\u00e9m poder\u00e1 enviar os documentos necess\u00e1rios.<br><br>\n\n\nVoc\u00ea ainda pode falar com nossos atendentes online.\n\n\n\n","protected":false},"excerpt":{"rendered":"","protected":false},"author":1,"featured_media":0,"parent":0,"menu_order":0,"comment_status":"closed","ping_status":"closed","template":"","meta":{"footnotes":""},"class_list":["post-1012","page","type-page","status-publish","hentry"],"_links":{"self":[{"href":"https:\/\/plw.com.br\/thunderlimp\/wp-json\/wp\/v2\/pages\/1012","targetHints":{"allow":["GET"]}}],"collection":[{"href":"https:\/\/plw.com.br\/thunderlimp\/wp-json\/wp\/v2\/pages"}],"about":[{"href":"https:\/\/plw.com.br\/thunderlimp\/wp-json\/wp\/v2\/types\/page"}],"author":[{"embeddable":true,"href":"https:\/\/plw.com.br\/thunderlimp\/wp-json\/wp\/v2\/users\/1"}],"replies":[{"embeddable":true,"href":"https:\/\/plw.com.br\/thunderlimp\/wp-json\/wp\/v2\/comments?post=1012"}],"version-history":[{"count":35,"href":"https:\/\/plw.com.br\/thunderlimp\/wp-json\/wp\/v2\/pages\/1012\/revisions"}],"predecessor-version":[{"id":1104,"href":"https:\/\/plw.com.br\/thunderlimp\/wp-json\/wp\/v2\/pages\/1012\/revisions\/1104"}],"wp:attachment":[{"href":"https:\/\/plw.com.br\/thunderlimp\/wp-json\/wp\/v2\/media?parent=1012"}],"curies":[{"name":"wp","href":"https:\/\/api.w.org\/{rel}","templated":true}]}}