{"id":29,"date":"2021-10-07T17:14:47","date_gmt":"2021-10-07T17:14:47","guid":{"rendered":"https:\/\/plk.com.br\/bruske\/home\/"},"modified":"2024-03-14T19:35:55","modified_gmt":"2024-03-14T19:35:55","slug":"home","status":"publish","type":"page","link":"https:\/\/plw.com.br\/thunderlimp\/","title":{"rendered":"Home"},"content":{"rendered":"\n\n\nThunder Limp\nProdutos de limpeza leve e pesada<br>onde voce encontra tuso em um s\u00f3 lugar\n\n\n\n\nqwqwq\n<span style=\"color: #003794\">\nThunder Limp\n<\/span>\nCom\u00e9rcio de Produtos de Limpezas\nFundada em 1992\n\n\n\n\nEconomizar nunca foi t\u00e3o simples e r\u00e1pido\nA Thunder Limp esta constantemente pensando em fornecer os melhores produtos com as melhores condi\u00e7\u00f5es de pagamento e entrega a seus clientes.<br>Voc\u00ea sua empresa ou condom\u00ednio contam com amplas condi\u00e7\u00f5es de faturamento e com produtos de qualidade garantia e pronta entrega. Clique abaixo e fa\u00e7a sue cadastro e or\u00e7amento e comece a economizar e agora com a parceria Thunder Limp.\n\n\n\nEnvie seu or\u00e7amento atrav\u00e9s de nossos canais via WhatsApp, Fone ou anexe seu arquivo com a lista de produtos.\nNossos consultores rapidamente ir\u00e3o lhe enviar os pre\u00e7os com as condi\u00e7\u00f5es de pagamento entrega ou retirada que voc\u00ea deseja.\nO Faturamento para  empresas cadastradas \u00e9 facilitado e com condi\u00e7\u00f5es e prazos especialmente fornecidos para sua empresa.\n\n\n\n\nMudando o seu conceito de higiene e limpeza\nCom uma miss\u00e3o focada em \u00e9tica, confian\u00e7a e efici\u00eancia a Thunder Limp oferece ao mercado uma ampla variedade de produtos de limpeza residencial e comercial, produtos de higiene, equipamentos e descart\u00e1veis em geral para todos os ramos de atividade:<br><br>\n &#8211; Empresarial<br>\n&#8211; Industrial<br>\n&#8211;   Hospitalar<br>&#8211; Hotelaria<br>\n&#8211; P\u00f3s- obra<br>\n&#8211; Limpeza pesada<br>\n&#8211; Restaurantes<br>\n&#8211; Condom\u00ednios<br>\n&#8211; Tratamento de Piso\n\n\n\n\n\n\n\n\n\n\nProdutos para limpeza e higiene profissional\nH\u00e1 muito tempo o servi\u00e7o de limpeza de ambientes deixou de ser apenas uma atividade rotineira feita por \n\ufeffqualquer pessoa.\n<br><br>\nPara uma completa limpeza n\u00e3o \u00e9 somente limpar, mas tamb\u00e9m estar executando servi\u00e7os com os produtos adequados.\n<br><br>\nNa distribuidora S\u00e3o Caetano voc\u00ea encontra uma completa linha de produtos para limpeza empresarial e resid\u00eancia certificados com laudos laboratoriais de efic\u00e1cia microbiol\u00f3gica e registro Anvisa.<br><br>\nProdutos  que lhe propiciar\u00e3o boas pr\u00e1ticas de combate \u00e0 prolifera\u00e7\u00e3o e contamina\u00e7\u00e3o por v\u00edrus, germes e bact\u00e9rias com os produtos da Distribuidora S\u00e3o Caetano.\n\n\n\n\n\nProdutos para limpeza e higiene profissional\nA limpeza \u00e9 essencial em qualquer empresa de qualquer segmento, afinal, todos merecem trabalhar em locais adequados e devidamente limpos, certo? E em alguns estabelecimentos comerciais, a higieniza\u00e7\u00e3o apropriada faz toda a diferen\u00e7a na hora de conquistar e fidelizar a clientela.\n\n\n\n\n\n\n\n","protected":false},"excerpt":{"rendered":"","protected":false},"author":0,"featured_media":0,"parent":0,"menu_order":0,"comment_status":"closed","ping_status":"closed","template":"","meta":{"footnotes":""},"class_list":["post-29","page","type-page","status-publish","hentry"],"_links":{"self":[{"href":"https:\/\/plw.com.br\/thunderlimp\/wp-json\/wp\/v2\/pages\/29","targetHints":{"allow":["GET"]}}],"collection":[{"href":"https:\/\/plw.com.br\/thunderlimp\/wp-json\/wp\/v2\/pages"}],"about":[{"href":"https:\/\/plw.com.br\/thunderlimp\/wp-json\/wp\/v2\/types\/page"}],"replies":[{"embeddable":true,"href":"https:\/\/plw.com.br\/thunderlimp\/wp-json\/wp\/v2\/comments?post=29"}],"version-history":[{"count":171,"href":"https:\/\/plw.com.br\/thunderlimp\/wp-json\/wp\/v2\/pages\/29\/revisions"}],"predecessor-version":[{"id":1112,"href":"https:\/\/plw.com.br\/thunderlimp\/wp-json\/wp\/v2\/pages\/29\/revisions\/1112"}],"wp:attachment":[{"href":"https:\/\/plw.com.br\/thunderlimp\/wp-json\/wp\/v2\/media?parent=29"}],"curies":[{"name":"wp","href":"https:\/\/api.w.org\/{rel}","templated":true}]}}