{"id":564,"date":"2023-04-12T19:30:52","date_gmt":"2023-04-12T19:30:52","guid":{"rendered":"https:\/\/plk.com.br\/bruske\/services\/"},"modified":"2024-03-14T18:42:49","modified_gmt":"2024-03-14T18:42:49","slug":"produtos","status":"publish","type":"page","link":"https:\/\/plw.com.br\/thunderlimp\/produtos\/","title":{"rendered":"Produtos"},"content":{"rendered":"\n\n\nThunder Limp\nQualidade M\u00e0xima em produtos de limpeza\n\n\n\n\n\n<span style=\"color: #003794\">\nThunder Limp\n<\/span>\nCom\u00e9rcio de Produtos de Limpeza\n\n\nAmpla linha de produtos de limpeza\nNa distribuidora Thunder Limp voc\u00ea encontra a todas as linhas de produtos de limpeza e higiene residencial, comercial e industrial para o varejo e o atacado no ABC.\n\n\n\n\nLinha completa de produtos e acess\u00f3rios para limpeza e higiene\n\n\nCompleta linha de produtos aliment\u00edcios empresariais\n\n\nCarrinhos de limpeza que facilitem o dia a diae aumentam a produtividade\n\n\nToda a linha de produtos\n\ndescart\u00e1veis para usos diversos\n\n\n\n\nDispenser, saboneteiras, porta copos entre diversos produtos\n\n\nLinha de produtos diveros para o uso di\u00e1rios risidencial e comercial\n\n\nCompleta linha de equipamentos\n\nde prote\u00e7\u00e3o Individual\n\n\nProdutos de uso hospitalar para\n\nuso profissional obrigat\u00f3rios\n\n\n\n\n\n\nO lugar certo para administradores e s\u00edndicos<br>\n Tudo o que voc\u00ea precisa em um s\u00f3 lugar\n\n\n\n\n<div class=\"u_1055240024 dmNewParagraph\" data-element-type=\"paragraph\" id=\"1055240024\" style=\"transition: none 0s ease 0s; display: block; text-align: left;\" data-version=\"5\"><div class=\"u_1588110327 dmNewParagraph\" data-element-type=\"paragraph\" id=\"1588110327\" style=\"transition: none 0s ease 0s; display: block;\" data-version=\"5\"><p class=\"text-align-left\"><span style=\"display: initial;\">Administradores de condom\u00ednios e empresas contam com atendimento e condi\u00e7\u00f5es comerciais diferenciadas,<\/span><\/p><\/div><p class=\"text-align-left size-15 m-text-align-center\"><\/p><\/div><p><\/p>\n<div class=\"u_1055240024 dmNewParagraph\" data-element-type=\"paragraph\" id=\"1055240024\" style=\"transition: none 0s ease 0s; display: block; text-align: left;\" data-version=\"5\"><div class=\"u_1588110327 dmNewParagraph\" data-element-type=\"paragraph\" id=\"1588110327\" style=\"transition: none 0s ease 0s; display: block;\" data-version=\"5\"><p class=\"text-align-left\"><span style=\"display: initial;\">Administradores de condom\u00ednios e empresas contam com atendimento e condi\u00e7\u00f5es comerciais diferenciadas,<\/span><\/p><\/div><p class=\"text-align-left size-15 m-text-align-center\"><\/p><\/div><p><\/p>\n<div class=\"u_1055240024 dmNewParagraph\" data-element-type=\"paragraph\" id=\"1055240024\" style=\"transition: none 0s ease 0s; display: block; text-align: left;\" data-version=\"5\"><div class=\"u_1588110327 dmNewParagraph\" data-element-type=\"paragraph\" id=\"1588110327\" style=\"transition: none 0s ease 0s; display: block;\" data-version=\"5\"><p class=\"text-align-left\"><span style=\"display: initial;\">Administradores de condom\u00ednios e empresas contam com atendimento e condi\u00e7\u00f5es comerciais diferenciadas,<\/span><\/p><\/div><p class=\"text-align-left size-15 m-text-align-center\"><\/p><\/div><p><\/p>\n\n\n\n\n\n\n\n\n\n","protected":false},"excerpt":{"rendered":"","protected":false},"author":1,"featured_media":0,"parent":0,"menu_order":0,"comment_status":"closed","ping_status":"closed","template":"","meta":{"footnotes":""},"class_list":["post-564","page","type-page","status-publish","hentry"],"_links":{"self":[{"href":"https:\/\/plw.com.br\/thunderlimp\/wp-json\/wp\/v2\/pages\/564","targetHints":{"allow":["GET"]}}],"collection":[{"href":"https:\/\/plw.com.br\/thunderlimp\/wp-json\/wp\/v2\/pages"}],"about":[{"href":"https:\/\/plw.com.br\/thunderlimp\/wp-json\/wp\/v2\/types\/page"}],"author":[{"embeddable":true,"href":"https:\/\/plw.com.br\/thunderlimp\/wp-json\/wp\/v2\/users\/1"}],"replies":[{"embeddable":true,"href":"https:\/\/plw.com.br\/thunderlimp\/wp-json\/wp\/v2\/comments?post=564"}],"version-history":[{"count":126,"href":"https:\/\/plw.com.br\/thunderlimp\/wp-json\/wp\/v2\/pages\/564\/revisions"}],"predecessor-version":[{"id":1103,"href":"https:\/\/plw.com.br\/thunderlimp\/wp-json\/wp\/v2\/pages\/564\/revisions\/1103"}],"wp:attachment":[{"href":"https:\/\/plw.com.br\/thunderlimp\/wp-json\/wp\/v2\/media?parent=564"}],"curies":[{"name":"wp","href":"https:\/\/api.w.org\/{rel}","templated":true}]}}